{"id":2486,"date":"2013-12-16T14:05:30","date_gmt":"2013-12-16T14:05:30","guid":{"rendered":"http:\/\/impreza.us-themes.com\/?page_id=2486"},"modified":"2013-12-16T14:05:30","modified_gmt":"2013-12-16T14:05:30","slug":"inbuzios-blog","status":"publish","type":"page","link":"https:\/\/inbuzios.com.br\/blog\/","title":{"rendered":"Inb\u00fazios Blog"},"content":{"rendered":"<section class=\"l-section wpb_row height_medium\"><div class=\"l-section-h g-html i-cf\"><div class=\"g-cols offset_small\"><div class=\" full-width\"><div class=\"w-blog layout_smallcircle\"><div class=\"w-blog-list\">\n\n<div class=\"w-blog-post post-5864 post type-post status-publish format-standard has-post-thumbnail hentry category-lugares-para-conhecer-no-rio-de-janeiro category-rio-de-janeiro\">\n\t<div class=\"w-blog-post-h\">\n\t\t<a class=\"w-blog-post-link\" href=\"https:\/\/inbuzios.com.br\/blog\/2026\/04\/10\/regiao-dos-lagos-do-rio-de-janeiro-guia-completo-de-destinos-distancias-e-como-organizar-a-logistica\/\">\n\t\t\t<span class=\"w-blog-post-preview\">\n\t\t\t\t<img loading=\"lazy\" decoding=\"async\" width=\"350\" height=\"350\" src=\"https:\/\/inbuzios.com.br\/blog\/wp-content\/uploads\/2026\/04\/220-350x350.png\" class=\"attachment-tnail-1x1-small size-tnail-1x1-small wp-post-image\" alt=\"\" srcset=\"https:\/\/inbuzios.com.br\/blog\/wp-content\/uploads\/2026\/04\/220-350x350.png 350w, https:\/\/inbuzios.com.br\/blog\/wp-content\/uploads\/2026\/04\/220-150x150.png 150w\" sizes=\"auto, (max-width: 350px) 100vw, 350px\" \/>\t\t\t\t<span class=\"w-blog-post-preview-icon\"><\/span>\n\t\t\t<\/span>\n\t\t\t<h2 class=\"w-blog-post-title\">\n\t\t\t\t<span class=\"entry-title\">Regi\u00e3o dos Lagos do Rio de Janeiro: guia completo de destinos, dist\u00e2ncias e como organizar a log\u00edstica<\/span>\n\t\t\t<\/h2>\n\t\t<\/a>\n\t\t<div class=\"w-blog-post-body\">\n\t\t\t<div class=\"w-blog-post-meta\">\n\t\t\t\t<time class=\"w-blog-post-meta-date date updated\">abril 10, 2026<\/time><span class=\"w-blog-post-meta-category\"><a href=\"https:\/\/inbuzios.com.br\/blog\/category\/lugares-para-conhecer-no-rio-de-janeiro\/\" rel=\"category tag\">Lugares para conhecer no Rio de Janeiro<\/a>, <a href=\"https:\/\/inbuzios.com.br\/blog\/category\/rio-de-janeiro\/\" rel=\"category tag\">Rio de Janeiro<\/a><\/span><span class=\"w-blog-post-meta-comments\"><a href=\"https:\/\/inbuzios.com.br\/blog\/2026\/04\/10\/regiao-dos-lagos-do-rio-de-janeiro-guia-completo-de-destinos-distancias-e-como-organizar-a-logistica\/#respond\">No comments<\/a><\/span><span class=\"w-blog-post-meta-author vcard author hidden\"><a href=\"http:\/\/www.inbuzios.com\" class=\"fn\">Administrador InBuzios<\/a><\/span>\t\t\t<\/div>\n\t\t\t<div class=\"w-blog-post-content\">\n\t\t\t\t<p>A Regi\u00e3o dos Lagos do Rio de Janeiro re\u00fane alguns dos destinos mais procurados do litoral brasileiro. B\u00fazios, Arraial do Cabo, Cabo Frio, S\u00e3o Pedro da Aldeia, Araruama e Saquarema&#8230;<\/p>\n\t\t\t<\/div>\n\t\t<\/div>\n\t<\/div>\n<\/div>\n\n\n\n\n<div class=\"w-blog-post post-5860 post type-post status-publish format-standard has-post-thumbnail hentry category-dicas\">\n\t<div class=\"w-blog-post-h\">\n\t\t<a class=\"w-blog-post-link\" href=\"https:\/\/inbuzios.com.br\/blog\/2026\/03\/26\/onde-jantar-no-rio-de-janeiro-depois-de-um-dia-de-experiencias\/\">\n\t\t\t<span class=\"w-blog-post-preview\">\n\t\t\t\t<img loading=\"lazy\" decoding=\"async\" width=\"350\" height=\"350\" src=\"https:\/\/inbuzios.com.br\/blog\/wp-content\/uploads\/2026\/03\/213-350x350.png\" class=\"attachment-tnail-1x1-small size-tnail-1x1-small wp-post-image\" alt=\"\" srcset=\"https:\/\/inbuzios.com.br\/blog\/wp-content\/uploads\/2026\/03\/213-350x350.png 350w, https:\/\/inbuzios.com.br\/blog\/wp-content\/uploads\/2026\/03\/213-150x150.png 150w\" sizes=\"auto, (max-width: 350px) 100vw, 350px\" \/>\t\t\t\t<span class=\"w-blog-post-preview-icon\"><\/span>\n\t\t\t<\/span>\n\t\t\t<h2 class=\"w-blog-post-title\">\n\t\t\t\t<span class=\"entry-title\">Onde jantar no Rio de Janeiro depois de um dia de experi\u00eancias<\/span>\n\t\t\t<\/h2>\n\t\t<\/a>\n\t\t<div class=\"w-blog-post-body\">\n\t\t\t<div class=\"w-blog-post-meta\">\n\t\t\t\t<time class=\"w-blog-post-meta-date date updated\">mar\u00e7o 26, 2026<\/time><span class=\"w-blog-post-meta-category\"><a href=\"https:\/\/inbuzios.com.br\/blog\/category\/dicas\/\" rel=\"category tag\">Dicas<\/a><\/span><span class=\"w-blog-post-meta-comments\"><a href=\"https:\/\/inbuzios.com.br\/blog\/2026\/03\/26\/onde-jantar-no-rio-de-janeiro-depois-de-um-dia-de-experiencias\/#respond\">No comments<\/a><\/span><span class=\"w-blog-post-meta-author vcard author hidden\"><a href=\"http:\/\/www.inbuzios.com\" class=\"fn\">Administrador InBuzios<\/a><\/span>\t\t\t<\/div>\n\t\t\t<div class=\"w-blog-post-content\">\n\t\t\t\t<p>Um dia bem aproveitado no Rio de Janeiro tem ritmo pr\u00f3prio. Pode come\u00e7ar com um transfer saindo cedo do aeroporto, passar por um passeio de lancha em B\u00fazios, incluir uma&#8230;<\/p>\n\t\t\t<\/div>\n\t\t<\/div>\n\t<\/div>\n<\/div>\n\n\n\n\n<div class=\"w-blog-post post-5857 post type-post status-publish format-standard has-post-thumbnail hentry category-lugares-para-conhecer-no-rio-de-janeiro\">\n\t<div class=\"w-blog-post-h\">\n\t\t<a class=\"w-blog-post-link\" href=\"https:\/\/inbuzios.com.br\/blog\/2026\/03\/23\/roteiro-alternativo-no-rio-de-janeiro-experiencias-alem-do-obvio\/\">\n\t\t\t<span class=\"w-blog-post-preview\">\n\t\t\t\t<img loading=\"lazy\" decoding=\"async\" width=\"350\" height=\"350\" src=\"https:\/\/inbuzios.com.br\/blog\/wp-content\/uploads\/2026\/03\/206-350x350.png\" class=\"attachment-tnail-1x1-small size-tnail-1x1-small wp-post-image\" alt=\"\" srcset=\"https:\/\/inbuzios.com.br\/blog\/wp-content\/uploads\/2026\/03\/206-350x350.png 350w, https:\/\/inbuzios.com.br\/blog\/wp-content\/uploads\/2026\/03\/206-150x150.png 150w\" sizes=\"auto, (max-width: 350px) 100vw, 350px\" \/>\t\t\t\t<span class=\"w-blog-post-preview-icon\"><\/span>\n\t\t\t<\/span>\n\t\t\t<h2 class=\"w-blog-post-title\">\n\t\t\t\t<span class=\"entry-title\">Roteiro alternativo no Rio de Janeiro: experi\u00eancias al\u00e9m do \u00f3bvio<\/span>\n\t\t\t<\/h2>\n\t\t<\/a>\n\t\t<div class=\"w-blog-post-body\">\n\t\t\t<div class=\"w-blog-post-meta\">\n\t\t\t\t<time class=\"w-blog-post-meta-date date updated\">mar\u00e7o 23, 2026<\/time><span class=\"w-blog-post-meta-category\"><a href=\"https:\/\/inbuzios.com.br\/blog\/category\/lugares-para-conhecer-no-rio-de-janeiro\/\" rel=\"category tag\">Lugares para conhecer no Rio de Janeiro<\/a><\/span><span class=\"w-blog-post-meta-comments\"><a href=\"https:\/\/inbuzios.com.br\/blog\/2026\/03\/23\/roteiro-alternativo-no-rio-de-janeiro-experiencias-alem-do-obvio\/#respond\">No comments<\/a><\/span><span class=\"w-blog-post-meta-author vcard author hidden\"><a href=\"http:\/\/www.inbuzios.com\" class=\"fn\">Administrador InBuzios<\/a><\/span>\t\t\t<\/div>\n\t\t\t<div class=\"w-blog-post-content\">\n\t\t\t\t<p>Cristo Redentor, P\u00e3o de A\u00e7\u00facar e Copacabana. Esses s\u00e3o os primeiros lugares que aparecem em qualquer lista de turismo no Rio de Janeiro, e por boas raz\u00f5es. Mas quem j\u00e1&#8230;<\/p>\n\t\t\t<\/div>\n\t\t<\/div>\n\t<\/div>\n<\/div>\n\n\n\n\n<div class=\"w-blog-post post-5836 post type-post status-publish format-standard has-post-thumbnail hentry category-uncategorized\">\n\t<div class=\"w-blog-post-h\">\n\t\t<a class=\"w-blog-post-link\" href=\"https:\/\/inbuzios.com.br\/blog\/2026\/03\/19\/como-escolher-um-bom-receptivo-de-turismo\/\">\n\t\t\t<span class=\"w-blog-post-preview\">\n\t\t\t\t<img loading=\"lazy\" decoding=\"async\" width=\"350\" height=\"350\" src=\"https:\/\/inbuzios.com.br\/blog\/wp-content\/uploads\/2026\/03\/201-350x350.png\" class=\"attachment-tnail-1x1-small size-tnail-1x1-small wp-post-image\" alt=\"\" srcset=\"https:\/\/inbuzios.com.br\/blog\/wp-content\/uploads\/2026\/03\/201-350x350.png 350w, https:\/\/inbuzios.com.br\/blog\/wp-content\/uploads\/2026\/03\/201-150x150.png 150w\" sizes=\"auto, (max-width: 350px) 100vw, 350px\" \/>\t\t\t\t<span class=\"w-blog-post-preview-icon\"><\/span>\n\t\t\t<\/span>\n\t\t\t<h2 class=\"w-blog-post-title\">\n\t\t\t\t<span class=\"entry-title\">Como escolher um bom receptivo de turismo<\/span>\n\t\t\t<\/h2>\n\t\t<\/a>\n\t\t<div class=\"w-blog-post-body\">\n\t\t\t<div class=\"w-blog-post-meta\">\n\t\t\t\t<time class=\"w-blog-post-meta-date date updated\">mar\u00e7o 19, 2026<\/time><span class=\"w-blog-post-meta-category\"><a href=\"https:\/\/inbuzios.com.br\/blog\/category\/uncategorized\/\" rel=\"category tag\">Uncategorized<\/a><\/span><span class=\"w-blog-post-meta-comments\"><a href=\"https:\/\/inbuzios.com.br\/blog\/2026\/03\/19\/como-escolher-um-bom-receptivo-de-turismo\/#respond\">No comments<\/a><\/span><span class=\"w-blog-post-meta-author vcard author hidden\"><a href=\"http:\/\/www.inbuzios.com\" class=\"fn\">Administrador InBuzios<\/a><\/span>\t\t\t<\/div>\n\t\t\t<div class=\"w-blog-post-content\">\n\t\t\t\t<p>Planejar uma viagem ao Rio de Janeiro envolve muitas decis\u00f5es: hotel, roteiro, restaurantes. Mas uma das escolhas mais importantes, e frequentemente deixada para o \u00faltimo momento, \u00e9 a escolha do&#8230;<\/p>\n\t\t\t<\/div>\n\t\t<\/div>\n\t<\/div>\n<\/div>\n\n\n\n\n<div class=\"w-blog-post post-5823 post type-post status-publish format-standard has-post-thumbnail hentry category-dicas category-lugares-para-conhecer-no-rio-de-janeiro category-rio-de-janeiro\">\n\t<div class=\"w-blog-post-h\">\n\t\t<a class=\"w-blog-post-link\" href=\"https:\/\/inbuzios.com.br\/blog\/2026\/03\/08\/turismo-feminino-melhores-experiencias-no-rio-para-mulheres-viajando-sozinhas\/\">\n\t\t\t<span class=\"w-blog-post-preview\">\n\t\t\t\t<img loading=\"lazy\" decoding=\"async\" width=\"350\" height=\"350\" src=\"https:\/\/inbuzios.com.br\/blog\/wp-content\/uploads\/2026\/03\/193-350x350.png\" class=\"attachment-tnail-1x1-small size-tnail-1x1-small wp-post-image\" alt=\"\" srcset=\"https:\/\/inbuzios.com.br\/blog\/wp-content\/uploads\/2026\/03\/193-350x350.png 350w, https:\/\/inbuzios.com.br\/blog\/wp-content\/uploads\/2026\/03\/193-150x150.png 150w\" sizes=\"auto, (max-width: 350px) 100vw, 350px\" \/>\t\t\t\t<span class=\"w-blog-post-preview-icon\"><\/span>\n\t\t\t<\/span>\n\t\t\t<h2 class=\"w-blog-post-title\">\n\t\t\t\t<span class=\"entry-title\">Turismo feminino: melhores experi\u00eancias no Rio para mulheres viajando sozinhas<\/span>\n\t\t\t<\/h2>\n\t\t<\/a>\n\t\t<div class=\"w-blog-post-body\">\n\t\t\t<div class=\"w-blog-post-meta\">\n\t\t\t\t<time class=\"w-blog-post-meta-date date updated\">mar\u00e7o 8, 2026<\/time><span class=\"w-blog-post-meta-category\"><a href=\"https:\/\/inbuzios.com.br\/blog\/category\/dicas\/\" rel=\"category tag\">Dicas<\/a>, <a href=\"https:\/\/inbuzios.com.br\/blog\/category\/lugares-para-conhecer-no-rio-de-janeiro\/\" rel=\"category tag\">Lugares para conhecer no Rio de Janeiro<\/a>, <a href=\"https:\/\/inbuzios.com.br\/blog\/category\/rio-de-janeiro\/\" rel=\"category tag\">Rio de Janeiro<\/a><\/span><span class=\"w-blog-post-meta-comments\"><a href=\"https:\/\/inbuzios.com.br\/blog\/2026\/03\/08\/turismo-feminino-melhores-experiencias-no-rio-para-mulheres-viajando-sozinhas\/#respond\">No comments<\/a><\/span><span class=\"w-blog-post-meta-author vcard author hidden\"><a href=\"http:\/\/www.inbuzios.com\" class=\"fn\">Administrador InBuzios<\/a><\/span>\t\t\t<\/div>\n\t\t\t<div class=\"w-blog-post-content\">\n\t\t\t\t<p>O turismo feminino tem crescido no mundo todo, e o Rio de Janeiro se tornou um dos destinos mais buscados por mulheres que desejam viajar sozinhas ou viver experi\u00eancias com&#8230;<\/p>\n\t\t\t<\/div>\n\t\t<\/div>\n\t<\/div>\n<\/div>\n\n\n\n\n<div class=\"w-blog-post post-5809 post type-post status-publish format-standard has-post-thumbnail hentry category-lugares-para-conhecer-no-rio-de-janeiro category-rio-de-janeiro\">\n\t<div class=\"w-blog-post-h\">\n\t\t<a class=\"w-blog-post-link\" href=\"https:\/\/inbuzios.com.br\/blog\/2026\/02\/26\/cariocando-pequenas-coisas-do-rj-que-viram-grandes-memorias\/\">\n\t\t\t<span class=\"w-blog-post-preview\">\n\t\t\t\t<img loading=\"lazy\" decoding=\"async\" width=\"350\" height=\"350\" src=\"https:\/\/inbuzios.com.br\/blog\/wp-content\/uploads\/2026\/02\/184-350x350.png\" class=\"attachment-tnail-1x1-small size-tnail-1x1-small wp-post-image\" alt=\"\" srcset=\"https:\/\/inbuzios.com.br\/blog\/wp-content\/uploads\/2026\/02\/184-350x350.png 350w, https:\/\/inbuzios.com.br\/blog\/wp-content\/uploads\/2026\/02\/184-150x150.png 150w\" sizes=\"auto, (max-width: 350px) 100vw, 350px\" \/>\t\t\t\t<span class=\"w-blog-post-preview-icon\"><\/span>\n\t\t\t<\/span>\n\t\t\t<h2 class=\"w-blog-post-title\">\n\t\t\t\t<span class=\"entry-title\">Cariocando: pequenas coisas do RJ que viram grandes mem\u00f3rias<\/span>\n\t\t\t<\/h2>\n\t\t<\/a>\n\t\t<div class=\"w-blog-post-body\">\n\t\t\t<div class=\"w-blog-post-meta\">\n\t\t\t\t<time class=\"w-blog-post-meta-date date updated\">fevereiro 26, 2026<\/time><span class=\"w-blog-post-meta-category\"><a href=\"https:\/\/inbuzios.com.br\/blog\/category\/lugares-para-conhecer-no-rio-de-janeiro\/\" rel=\"category tag\">Lugares para conhecer no Rio de Janeiro<\/a>, <a href=\"https:\/\/inbuzios.com.br\/blog\/category\/rio-de-janeiro\/\" rel=\"category tag\">Rio de Janeiro<\/a><\/span><span class=\"w-blog-post-meta-comments\"><a href=\"https:\/\/inbuzios.com.br\/blog\/2026\/02\/26\/cariocando-pequenas-coisas-do-rj-que-viram-grandes-memorias\/#respond\">No comments<\/a><\/span><span class=\"w-blog-post-meta-author vcard author hidden\"><a href=\"http:\/\/www.inbuzios.com\" class=\"fn\">Administrador InBuzios<\/a><\/span>\t\t\t<\/div>\n\t\t\t<div class=\"w-blog-post-content\">\n\t\t\t\t<p>Existe um momento em toda viagem ao Rio de Janeiro em que o visitante para de apenas conhecer a cidade e come\u00e7a, de fato, a cariocar. Cariocando pelo Rio, o&#8230;<\/p>\n\t\t\t<\/div>\n\t\t<\/div>\n\t<\/div>\n<\/div>\n\n\n<\/div><div class=\"g-loadmore\" onclick='return {\"ajax_url\":\"https:\\\/\\\/inbuzios.com.br\\\/blog\\\/wp-admin\\\/admin-ajax.php\",\"action\":\"us_ajax_blog\",\"max_num_pages\":25,\"template_vars\":{\"query_args\":{\"post_type\":\"post\",\"post_status\":[\"publish\"],\"orderby\":{\"date\":\"DESC\"},\"posts_per_page\":6},\"layout_type\":\"smallcircle\",\"metas\":[\"date\",\"categories\",\"comments\"],\"content_type\":\"excerpt\",\"show_read_more\":false}}'>\n\t\t\t<div class=\"g-loadmore-btn\">\n\t\t\t\t<span>Load More<\/span>\n\t\t\t<\/div>\n\t\t\t<div class=\"g-preloader type_1\"><\/div>\n\t\t<\/div><\/div><\/div><\/div><\/div><\/section>\n","protected":false},"excerpt":{"rendered":"","protected":false},"author":1,"featured_media":0,"parent":0,"menu_order":0,"comment_status":"open","ping_status":"closed","template":"","meta":{"footnotes":""},"class_list":["post-2486","page","type-page","status-publish","hentry"],"yoast_head":"<!-- This site is optimized with the Yoast SEO plugin v27.4 - https:\/\/yoast.com\/product\/yoast-seo-wordpress\/ -->\n<title>Inb\u00fazios Blog - In B\u00fazios<\/title>\n<meta name=\"robots\" content=\"index, follow, max-snippet:-1, max-image-preview:large, max-video-preview:-1\" \/>\n<link rel=\"canonical\" href=\"https:\/\/inbuzios.com.br\/blog\/\" \/>\n<meta property=\"og:locale\" content=\"pt_BR\" \/>\n<meta property=\"og:type\" content=\"article\" \/>\n<meta property=\"og:title\" content=\"Inb\u00fazios Blog - In B\u00fazios\" \/>\n<meta property=\"og:url\" content=\"https:\/\/inbuzios.com.br\/blog\/\" \/>\n<meta property=\"og:site_name\" content=\"In B\u00fazios\" \/>\n<meta name=\"twitter:card\" content=\"summary_large_image\" \/>\n<script type=\"application\/ld+json\" class=\"yoast-schema-graph\">{\"@context\":\"https:\\\/\\\/schema.org\",\"@graph\":[{\"@type\":\"WebPage\",\"@id\":\"https:\\\/\\\/inbuzios.com.br\\\/blog\\\/\",\"url\":\"https:\\\/\\\/inbuzios.com.br\\\/blog\\\/\",\"name\":\"Inb\u00fazios Blog - In B\u00fazios\",\"isPartOf\":{\"@id\":\"https:\\\/\\\/inbuzios.com.br\\\/blog\\\/#website\"},\"datePublished\":\"2013-12-16T14:05:30+00:00\",\"breadcrumb\":{\"@id\":\"https:\\\/\\\/inbuzios.com.br\\\/blog\\\/#breadcrumb\"},\"inLanguage\":\"pt-BR\",\"potentialAction\":[{\"@type\":\"ReadAction\",\"target\":[\"https:\\\/\\\/inbuzios.com.br\\\/blog\\\/\"]}]},{\"@type\":\"BreadcrumbList\",\"@id\":\"https:\\\/\\\/inbuzios.com.br\\\/blog\\\/#breadcrumb\",\"itemListElement\":[{\"@type\":\"ListItem\",\"position\":1,\"name\":\"In\u00edcio\",\"item\":\"https:\\\/\\\/inbuzios.com.br\\\/blog\\\/\"},{\"@type\":\"ListItem\",\"position\":2,\"name\":\"Inb\u00fazios Blog\"}]},{\"@type\":\"WebSite\",\"@id\":\"https:\\\/\\\/inbuzios.com.br\\\/blog\\\/#website\",\"url\":\"https:\\\/\\\/inbuzios.com.br\\\/blog\\\/\",\"name\":\"In B\u00fazios\",\"description\":\"Turismo Receptivo\",\"potentialAction\":[{\"@type\":\"SearchAction\",\"target\":{\"@type\":\"EntryPoint\",\"urlTemplate\":\"https:\\\/\\\/inbuzios.com.br\\\/blog\\\/?s={search_term_string}\"},\"query-input\":{\"@type\":\"PropertyValueSpecification\",\"valueRequired\":true,\"valueName\":\"search_term_string\"}}],\"inLanguage\":\"pt-BR\"}]}<\/script>\n<!-- \/ Yoast SEO plugin. -->","yoast_head_json":{"title":"Inb\u00fazios Blog - In B\u00fazios","robots":{"index":"index","follow":"follow","max-snippet":"max-snippet:-1","max-image-preview":"max-image-preview:large","max-video-preview":"max-video-preview:-1"},"canonical":"https:\/\/inbuzios.com.br\/blog\/","og_locale":"pt_BR","og_type":"article","og_title":"Inb\u00fazios Blog - In B\u00fazios","og_url":"https:\/\/inbuzios.com.br\/blog\/","og_site_name":"In B\u00fazios","twitter_card":"summary_large_image","schema":{"@context":"https:\/\/schema.org","@graph":[{"@type":"WebPage","@id":"https:\/\/inbuzios.com.br\/blog\/","url":"https:\/\/inbuzios.com.br\/blog\/","name":"Inb\u00fazios Blog - In B\u00fazios","isPartOf":{"@id":"https:\/\/inbuzios.com.br\/blog\/#website"},"datePublished":"2013-12-16T14:05:30+00:00","breadcrumb":{"@id":"https:\/\/inbuzios.com.br\/blog\/#breadcrumb"},"inLanguage":"pt-BR","potentialAction":[{"@type":"ReadAction","target":["https:\/\/inbuzios.com.br\/blog\/"]}]},{"@type":"BreadcrumbList","@id":"https:\/\/inbuzios.com.br\/blog\/#breadcrumb","itemListElement":[{"@type":"ListItem","position":1,"name":"In\u00edcio","item":"https:\/\/inbuzios.com.br\/blog\/"},{"@type":"ListItem","position":2,"name":"Inb\u00fazios Blog"}]},{"@type":"WebSite","@id":"https:\/\/inbuzios.com.br\/blog\/#website","url":"https:\/\/inbuzios.com.br\/blog\/","name":"In B\u00fazios","description":"Turismo Receptivo","potentialAction":[{"@type":"SearchAction","target":{"@type":"EntryPoint","urlTemplate":"https:\/\/inbuzios.com.br\/blog\/?s={search_term_string}"},"query-input":{"@type":"PropertyValueSpecification","valueRequired":true,"valueName":"search_term_string"}}],"inLanguage":"pt-BR"}]}},"jetpack_sharing_enabled":true,"_links":{"self":[{"href":"https:\/\/inbuzios.com.br\/blog\/wp-json\/wp\/v2\/pages\/2486","targetHints":{"allow":["GET"]}}],"collection":[{"href":"https:\/\/inbuzios.com.br\/blog\/wp-json\/wp\/v2\/pages"}],"about":[{"href":"https:\/\/inbuzios.com.br\/blog\/wp-json\/wp\/v2\/types\/page"}],"author":[{"embeddable":true,"href":"https:\/\/inbuzios.com.br\/blog\/wp-json\/wp\/v2\/users\/1"}],"replies":[{"embeddable":true,"href":"https:\/\/inbuzios.com.br\/blog\/wp-json\/wp\/v2\/comments?post=2486"}],"version-history":[{"count":0,"href":"https:\/\/inbuzios.com.br\/blog\/wp-json\/wp\/v2\/pages\/2486\/revisions"}],"wp:attachment":[{"href":"https:\/\/inbuzios.com.br\/blog\/wp-json\/wp\/v2\/media?parent=2486"}],"curies":[{"name":"wp","href":"https:\/\/api.w.org\/{rel}","templated":true}]}}